{"id":71847,"date":"2000-01-01T00:00:00","date_gmt":"2000-01-01T00:00:00","guid":{"rendered":"https:\/\/www.exclusiveaudio.gr\/?product=eat-lps-linear-power-supply"},"modified":"2025-12-30T11:28:22","modified_gmt":"2025-12-30T09:28:22","slug":"eat-lps-linear-power-supply-p533590143","status":"publish","type":"product","link":"https:\/\/www.exclusiveaudio.gr\/en\/shop\/eat-lps-linear-power-supply-p533590143\/","title":{"rendered":"EAT LPS Linear Power Supply"},"content":{"rendered":"<h4>EAT LPS LINEAR POWER SUPPLY TECHNICAL INFORMATION<\/h4>\n<table class=\"ecwid-description-table\">\n<tbody>\n<tr>\n<th>MODEL<\/th>\n<td>EAT LPS Linear Power Supply<\/td>\n<\/tr>\n<tr>\n<th>INPUT POWER SUPPLY<\/th>\n<td>120V or 230V AC<\/td>\n<\/tr>\n<tr>\n<th>OUTPUT VOLTAGE \/ CURRENT<\/th>\n<td>1 \u00d7 15V\/2A \u00b1 0.05%, noise max. 10uV<\/td>\n<\/tr>\n<tr>\n<th>OUTPUT VOLTAGE \/ CURRENT<\/th>\n<td>1 \u00d7 18V\/1.5A \u00b1 0.05%, noise max 1uV<\/td>\n<\/tr>\n<tr>\n<th>DIMENSIONS W \u00d7 H \u00d7 D<\/th>\n<td>435 \u00d7 60 \u00d7 272 mm<\/td>\n<\/tr>\n<tr>\n<th>AVAILABLE IN<\/th>\n<td>Silver<\/td>\n<\/tr>\n<tr>\n<th>WEIGHT<\/th>\n<td>4900g<\/td>\n<\/tr>\n<tr>\n<th>SUPPLIED CABLES<\/th>\n<td>1 \u00d7 15V 2.1mm (for EAT C-Sharp, EAT C-Major and all Pro-Ject turntables)<br \/>\n1 \u00d7 15V XLR 4Pin (for EAT E-Flat, EAT Forte S)<br \/>\n1 \u00d7 18V 2.5mm (for EAT E-Glo S, EAT Forte and all Pro-Ject Phono products except Phono Box RS and AD Box S2 Phono)<br \/>\n1 \u00d7 18V 2.1mm with longer connector shaft 14mm for Pro-Ject Xtension turntables<\/td>\n<\/tr>\n<\/tbody>\n<\/table>","protected":false},"excerpt":{"rendered":"<p>EAT LPS LINEAR POWER SUPPLY TECHNICAL INFORMATION MODEL EAT LPS Linear Power Supply INPUT POWER SUPPLY 120V or 230V AC<\/p>","protected":false},"featured_media":71848,"comment_status":"open","ping_status":"closed","template":"","meta":[],"pwb-brand":[674],"product_cat":[30446],"product_tag":[],"series":[],"class_list":{"0":"post-71847","1":"product","2":"type-product","3":"status-publish","4":"has-post-thumbnail","6":"pwb-brand-eat","7":"product_cat-power-supplies","9":"first","10":"onbackorder","11":"taxable","12":"shipping-taxable","13":"purchasable","14":"product-type-variable"},"yoast_head":"<!-- This site is optimized with the Yoast SEO plugin v26.7 - https:\/\/yoast.com\/wordpress\/plugins\/seo\/ -->\n<title>EAT LPS Linear Power Supply<\/title>\n<meta name=\"description\" content=\"E.A.T. LPS LINEAR POWER SUPPLY TECHNICAL INFORMATION MODEL E.A.T. LPS Linear Power Supply INPUT POWER SUPPLY 120V or 230V AC OUTPUT VOLTAGE \/ CURRENT 1 \u00d7 15V\/2A \u00b1 0,05%, noise max. 10uV OUTPUT VOLTAGE \/ CURRENT 1 \u00d7 18V\/1.5A \u00b1 0,05%, noise max 1uV DIMENSIONS W \u00d7 H \u00d7 D 435 \u00d7 60 \u00d7 272 mm AVAILABLE IN\u2026\" \/>\n<meta name=\"robots\" content=\"index, follow, max-snippet:-1, max-image-preview:large, max-video-preview:-1\" \/>\n<link rel=\"canonical\" href=\"https:\/\/www.exclusiveaudio.gr\/en\/shop\/eat-lps-linear-power-supply-p533590143\/\" \/>\n<meta property=\"og:locale\" content=\"en_US\" \/>\n<meta property=\"og:type\" content=\"article\" \/>\n<meta property=\"og:title\" content=\"EAT LPS Linear Power Supply\" \/>\n<meta property=\"og:description\" content=\"E.A.T. LPS LINEAR POWER SUPPLY TECHNICAL INFORMATION MODEL E.A.T. LPS Linear Power Supply INPUT POWER SUPPLY 120V or 230V AC OUTPUT VOLTAGE \/ CURRENT 1 \u00d7 15V\/2A \u00b1 0,05%, noise max. 10uV OUTPUT VOLTAGE \/ CURRENT 1 \u00d7 18V\/1.5A \u00b1 0,05%, noise max 1uV DIMENSIONS W \u00d7 H \u00d7 D 435 \u00d7 60 \u00d7 272 mm AVAILABLE IN\u2026\" \/>\n<meta property=\"og:url\" content=\"https:\/\/www.exclusiveaudio.gr\/en\/shop\/eat-lps-linear-power-supply-p533590143\/\" \/>\n<meta property=\"og:site_name\" content=\"Exclusive Audio\" \/>\n<meta property=\"article:modified_time\" content=\"2025-12-30T09:28:22+00:00\" \/>\n<meta property=\"og:image\" content=\"https:\/\/www.exclusiveaudio.gr\/wp-content\/uploads\/nc\/images\/74055845\/3479248367.jpg\" \/>\n\t<meta property=\"og:image:width\" content=\"1920\" \/>\n\t<meta property=\"og:image:height\" content=\"1920\" \/>\n\t<meta property=\"og:image:type\" content=\"image\/jpeg\" \/>\n<meta name=\"twitter:card\" content=\"summary_large_image\" \/>\n<meta name=\"twitter:label1\" content=\"Est. reading time\" \/>\n\t<meta name=\"twitter:data1\" content=\"1 minute\" \/>\n<script type=\"application\/ld+json\" class=\"yoast-schema-graph\">{\"@context\":\"https:\/\/schema.org\",\"@graph\":[{\"@type\":\"WebPage\",\"@id\":\"https:\/\/www.exclusiveaudio.gr\/shop\/eat-lps-linear-power-supply-p533590143\/\",\"url\":\"https:\/\/www.exclusiveaudio.gr\/shop\/eat-lps-linear-power-supply-p533590143\/\",\"name\":\"EAT LPS Linear Power Supply\",\"isPartOf\":{\"@id\":\"https:\/\/www.exclusiveaudio.gr\/#website\"},\"primaryImageOfPage\":{\"@id\":\"https:\/\/www.exclusiveaudio.gr\/shop\/eat-lps-linear-power-supply-p533590143\/#primaryimage\"},\"image\":{\"@id\":\"https:\/\/www.exclusiveaudio.gr\/shop\/eat-lps-linear-power-supply-p533590143\/#primaryimage\"},\"thumbnailUrl\":\"https:\/\/www.exclusiveaudio.gr\/wp-content\/uploads\/nc\/images\/74055845\/3479248367.jpg\",\"datePublished\":\"2000-01-01T00:00:00+00:00\",\"dateModified\":\"2025-12-30T09:28:22+00:00\",\"description\":\"E.A.T. LPS LINEAR POWER SUPPLY TECHNICAL INFORMATION MODEL E.A.T. LPS Linear Power Supply INPUT POWER SUPPLY 120V or 230V AC OUTPUT VOLTAGE \/ CURRENT 1 \u00d7 15V\/2A \u00b1 0,05%, noise max. 10uV OUTPUT VOLTAGE \/ CURRENT 1 \u00d7 18V\/1.5A \u00b1 0,05%, noise max 1uV DIMENSIONS W \u00d7 H \u00d7 D 435 \u00d7 60 \u00d7 272 mm AVAILABLE IN\u2026\",\"breadcrumb\":{\"@id\":\"https:\/\/www.exclusiveaudio.gr\/shop\/eat-lps-linear-power-supply-p533590143\/#breadcrumb\"},\"inLanguage\":\"en-US\",\"potentialAction\":[{\"@type\":\"ReadAction\",\"target\":[\"https:\/\/www.exclusiveaudio.gr\/shop\/eat-lps-linear-power-supply-p533590143\/\"]}]},{\"@type\":\"ImageObject\",\"inLanguage\":\"en-US\",\"@id\":\"https:\/\/www.exclusiveaudio.gr\/shop\/eat-lps-linear-power-supply-p533590143\/#primaryimage\",\"url\":\"https:\/\/www.exclusiveaudio.gr\/wp-content\/uploads\/nc\/images\/74055845\/3479248367.jpg\",\"contentUrl\":\"https:\/\/www.exclusiveaudio.gr\/wp-content\/uploads\/nc\/images\/74055845\/3479248367.jpg\",\"width\":1920,\"height\":1920,\"caption\":\"EAT LPS Linear Power Supply\"},{\"@type\":\"BreadcrumbList\",\"@id\":\"https:\/\/www.exclusiveaudio.gr\/shop\/eat-lps-linear-power-supply-p533590143\/#breadcrumb\",\"itemListElement\":[{\"@type\":\"ListItem\",\"position\":1,\"name\":\"Home\",\"item\":\"https:\/\/www.exclusiveaudio.gr\/\"},{\"@type\":\"ListItem\",\"position\":2,\"name\":\"\u039a\u03b1\u03c4\u03ac\u03c3\u03c4\u03b7\u03bc\u03b1\",\"item\":\"https:\/\/www.exclusiveaudio.gr\/en\/shop\/\"},{\"@type\":\"ListItem\",\"position\":3,\"name\":\"EAT LPS Linear Power Supply\"}]},{\"@type\":\"WebSite\",\"@id\":\"https:\/\/www.exclusiveaudio.gr\/#website\",\"url\":\"https:\/\/www.exclusiveaudio.gr\/\",\"name\":\"Exclusive Audio\",\"description\":\"45 years of premium audiovisual equipment &amp; services.\",\"potentialAction\":[{\"@type\":\"SearchAction\",\"target\":{\"@type\":\"EntryPoint\",\"urlTemplate\":\"https:\/\/www.exclusiveaudio.gr\/?s={search_term_string}\"},\"query-input\":{\"@type\":\"PropertyValueSpecification\",\"valueRequired\":true,\"valueName\":\"search_term_string\"}}],\"inLanguage\":\"en-US\"}]}<\/script>\n<!-- \/ Yoast SEO plugin. -->","yoast_head_json":{"title":"EAT LPS Linear Power Supply","description":"E.A.T. LPS LINEAR POWER SUPPLY TECHNICAL INFORMATION MODEL E.A.T. LPS Linear Power Supply INPUT POWER SUPPLY 120V or 230V AC OUTPUT VOLTAGE \/ CURRENT 1 \u00d7 15V\/2A \u00b1 0,05%, noise max. 10uV OUTPUT VOLTAGE \/ CURRENT 1 \u00d7 18V\/1.5A \u00b1 0,05%, noise max 1uV DIMENSIONS W \u00d7 H \u00d7 D 435 \u00d7 60 \u00d7 272 mm AVAILABLE IN\u2026","robots":{"index":"index","follow":"follow","max-snippet":"max-snippet:-1","max-image-preview":"max-image-preview:large","max-video-preview":"max-video-preview:-1"},"canonical":"https:\/\/www.exclusiveaudio.gr\/en\/shop\/eat-lps-linear-power-supply-p533590143\/","og_locale":"en_US","og_type":"article","og_title":"EAT LPS Linear Power Supply","og_description":"E.A.T. LPS LINEAR POWER SUPPLY TECHNICAL INFORMATION MODEL E.A.T. LPS Linear Power Supply INPUT POWER SUPPLY 120V or 230V AC OUTPUT VOLTAGE \/ CURRENT 1 \u00d7 15V\/2A \u00b1 0,05%, noise max. 10uV OUTPUT VOLTAGE \/ CURRENT 1 \u00d7 18V\/1.5A \u00b1 0,05%, noise max 1uV DIMENSIONS W \u00d7 H \u00d7 D 435 \u00d7 60 \u00d7 272 mm AVAILABLE IN\u2026","og_url":"https:\/\/www.exclusiveaudio.gr\/en\/shop\/eat-lps-linear-power-supply-p533590143\/","og_site_name":"Exclusive Audio","article_modified_time":"2025-12-30T09:28:22+00:00","og_image":[{"width":1920,"height":1920,"url":"https:\/\/www.exclusiveaudio.gr\/wp-content\/uploads\/nc\/images\/74055845\/3479248367.jpg","type":"image\/jpeg"}],"twitter_card":"summary_large_image","twitter_misc":{"Est. reading time":"1 minute"},"schema":{"@context":"https:\/\/schema.org","@graph":[{"@type":"WebPage","@id":"https:\/\/www.exclusiveaudio.gr\/shop\/eat-lps-linear-power-supply-p533590143\/","url":"https:\/\/www.exclusiveaudio.gr\/shop\/eat-lps-linear-power-supply-p533590143\/","name":"EAT LPS Linear Power Supply","isPartOf":{"@id":"https:\/\/www.exclusiveaudio.gr\/#website"},"primaryImageOfPage":{"@id":"https:\/\/www.exclusiveaudio.gr\/shop\/eat-lps-linear-power-supply-p533590143\/#primaryimage"},"image":{"@id":"https:\/\/www.exclusiveaudio.gr\/shop\/eat-lps-linear-power-supply-p533590143\/#primaryimage"},"thumbnailUrl":"https:\/\/www.exclusiveaudio.gr\/wp-content\/uploads\/nc\/images\/74055845\/3479248367.jpg","datePublished":"2000-01-01T00:00:00+00:00","dateModified":"2025-12-30T09:28:22+00:00","description":"E.A.T. LPS LINEAR POWER SUPPLY TECHNICAL INFORMATION MODEL E.A.T. LPS Linear Power Supply INPUT POWER SUPPLY 120V or 230V AC OUTPUT VOLTAGE \/ CURRENT 1 \u00d7 15V\/2A \u00b1 0,05%, noise max. 10uV OUTPUT VOLTAGE \/ CURRENT 1 \u00d7 18V\/1.5A \u00b1 0,05%, noise max 1uV DIMENSIONS W \u00d7 H \u00d7 D 435 \u00d7 60 \u00d7 272 mm AVAILABLE IN\u2026","breadcrumb":{"@id":"https:\/\/www.exclusiveaudio.gr\/shop\/eat-lps-linear-power-supply-p533590143\/#breadcrumb"},"inLanguage":"en-US","potentialAction":[{"@type":"ReadAction","target":["https:\/\/www.exclusiveaudio.gr\/shop\/eat-lps-linear-power-supply-p533590143\/"]}]},{"@type":"ImageObject","inLanguage":"en-US","@id":"https:\/\/www.exclusiveaudio.gr\/shop\/eat-lps-linear-power-supply-p533590143\/#primaryimage","url":"https:\/\/www.exclusiveaudio.gr\/wp-content\/uploads\/nc\/images\/74055845\/3479248367.jpg","contentUrl":"https:\/\/www.exclusiveaudio.gr\/wp-content\/uploads\/nc\/images\/74055845\/3479248367.jpg","width":1920,"height":1920,"caption":"EAT LPS Linear Power Supply"},{"@type":"BreadcrumbList","@id":"https:\/\/www.exclusiveaudio.gr\/shop\/eat-lps-linear-power-supply-p533590143\/#breadcrumb","itemListElement":[{"@type":"ListItem","position":1,"name":"Home","item":"https:\/\/www.exclusiveaudio.gr\/"},{"@type":"ListItem","position":2,"name":"\u039a\u03b1\u03c4\u03ac\u03c3\u03c4\u03b7\u03bc\u03b1","item":"https:\/\/www.exclusiveaudio.gr\/en\/shop\/"},{"@type":"ListItem","position":3,"name":"EAT LPS Linear Power Supply"}]},{"@type":"WebSite","@id":"https:\/\/www.exclusiveaudio.gr\/#website","url":"https:\/\/www.exclusiveaudio.gr\/","name":"Exclusive Audio","description":"45 years of premium audiovisual equipment &amp; services.","potentialAction":[{"@type":"SearchAction","target":{"@type":"EntryPoint","urlTemplate":"https:\/\/www.exclusiveaudio.gr\/?s={search_term_string}"},"query-input":{"@type":"PropertyValueSpecification","valueRequired":true,"valueName":"search_term_string"}}],"inLanguage":"en-US"}]}},"jetpack_sharing_enabled":true,"brands":[{"id":674,"name":"EAT","slug":"eat"}],"_links":{"self":[{"href":"https:\/\/www.exclusiveaudio.gr\/en\/wp-json\/wp\/v2\/product\/71847","targetHints":{"allow":["GET"]}}],"collection":[{"href":"https:\/\/www.exclusiveaudio.gr\/en\/wp-json\/wp\/v2\/product"}],"about":[{"href":"https:\/\/www.exclusiveaudio.gr\/en\/wp-json\/wp\/v2\/types\/product"}],"replies":[{"embeddable":true,"href":"https:\/\/www.exclusiveaudio.gr\/en\/wp-json\/wp\/v2\/comments?post=71847"}],"version-history":[{"count":3,"href":"https:\/\/www.exclusiveaudio.gr\/en\/wp-json\/wp\/v2\/product\/71847\/revisions"}],"predecessor-version":[{"id":87852,"href":"https:\/\/www.exclusiveaudio.gr\/en\/wp-json\/wp\/v2\/product\/71847\/revisions\/87852"}],"wp:featuredmedia":[{"embeddable":true,"href":"https:\/\/www.exclusiveaudio.gr\/en\/wp-json\/wp\/v2\/media\/71848"}],"wp:attachment":[{"href":"https:\/\/www.exclusiveaudio.gr\/en\/wp-json\/wp\/v2\/media?parent=71847"}],"wp:term":[{"taxonomy":"pwb-brand","embeddable":true,"href":"https:\/\/www.exclusiveaudio.gr\/en\/wp-json\/wp\/v2\/pwb-brand?post=71847"},{"taxonomy":"product_cat","embeddable":true,"href":"https:\/\/www.exclusiveaudio.gr\/en\/wp-json\/wp\/v2\/product_cat?post=71847"},{"taxonomy":"product_tag","embeddable":true,"href":"https:\/\/www.exclusiveaudio.gr\/en\/wp-json\/wp\/v2\/product_tag?post=71847"},{"taxonomy":"series","embeddable":true,"href":"https:\/\/www.exclusiveaudio.gr\/en\/wp-json\/wp\/v2\/series?post=71847"}],"curies":[{"name":"wp","href":"https:\/\/api.w.org\/{rel}","templated":true}]}}