{"id":71802,"date":"2000-01-01T00:00:00","date_gmt":"2000-01-01T00:00:00","guid":{"rendered":"https:\/\/www.exclusiveaudio.gr\/?product=eat-e-glo-ii"},"modified":"2025-04-17T10:39:01","modified_gmt":"2025-04-17T08:39:01","slug":"eat-e-glo-ii-p533574072","status":"publish","type":"product","link":"https:\/\/www.exclusiveaudio.gr\/en\/shop\/eat-e-glo-ii-p533574072\/","title":{"rendered":"EAT E-Glo II"},"content":{"rendered":"<h4>EAT E-GLO I INTEGRATED TUBE AMPLIFIER TECHNICAL DATA<\/h4>\n<table class=\"ecwid-description-table\">\n<tbody>\n<tr>\n<th>MODEL<\/th>\n<td>EAT E-Glo I<\/td>\n<\/tr>\n<tr>\n<th>OUTPUT POWER<\/th>\n<td>2 \u00d7 35 W \/4.8 Ohm \u2013 ultralinear \/ 2 \u00d7 18 W \/4.8 Ohm \u2013 triode mode<\/td>\n<\/tr>\n<tr>\n<th>INPUT SENSITIVITY<\/th>\n<td>500 mV<\/td>\n<\/tr>\n<tr>\n<th>FREQUENCY RANGE<\/th>\n<td>10 \u2013 50 000 Hz \u00b10.5dB \/ 5 W<\/td>\n<\/tr>\n<tr>\n<th>INPUT IMPEDANCE<\/th>\n<td>30 kOhm<\/td>\n<\/tr>\n<tr>\n<th>INPUTS<\/th>\n<td>5x line (RCA)<\/td>\n<\/tr>\n<tr>\n<th>HARMONIC DISTORTION<\/th>\n<td>&lt; 0.05 % \/ 1kHz, 5W<\/td>\n<\/tr>\n<tr>\n<th>SIGNAL-TO-NOISE RATIO<\/th>\n<td>&gt; 95 dB<\/td>\n<\/tr>\n<tr>\n<th>TUBE COMPLEMENT<\/th>\n<td>1\u00d7 12AX7 , 2\u00d7 12AT7, 4\u00d7 KT88<\/td>\n<\/tr>\n<tr>\n<th>POWER<\/th>\n<td>230V \/ 50Hz \/ 375VA<\/td>\n<\/tr>\n<tr>\n<th>DIMENSIONS (W \u00d7 H \u00d7 D)<\/th>\n<td>435 \u00d7 170 \u00d7 485mm<\/td>\n<\/tr>\n<tr>\n<th>WEIGHT<\/th>\n<td>26kg<\/td>\n<\/tr>\n<\/tbody>\n<\/table>","protected":false},"excerpt":{"rendered":"<p>EAT E-GLO I INTEGRATED TUBE AMPLIFIER TECHNICAL DATA MODEL EAT E-Glo I OUTPUT POWER 2 \u00d7 35 W \/4.8Ohm \u2013<\/p>","protected":false},"featured_media":71803,"comment_status":"open","ping_status":"closed","template":"","meta":[],"pwb-brand":[674],"product_cat":[28709],"product_tag":[],"series":[],"class_list":{"0":"post-71802","1":"product","2":"type-product","3":"status-publish","4":"has-post-thumbnail","6":"pwb-brand-eat","7":"product_cat-integrated-amplifiers-c143666267","9":"first","10":"onbackorder","11":"taxable","12":"shipping-taxable","13":"purchasable","14":"product-type-variable"},"yoast_head":"<!-- This site is optimized with the Yoast SEO plugin v26.7 - https:\/\/yoast.com\/wordpress\/plugins\/seo\/ -->\n<title>EAT E-Glo II<\/title>\n<meta name=\"description\" content=\"E.A.T. E-GLO I INTEGRATED TUBE AMPLIFIER TECHNICAL DATA MODEL E.A.T. E-Glo I OUTPUT POWER 2 \u00d7 35 W \/4,8Ohm \u2013 ultralinear \/ 2 \u00d7 18W \/4,8 Ohm \u2013 triode mode INPUTS SENSITIVITY 500 mV FREQUENCY RANGE 10 \u2013 50 000 Hz \u00b10,5dB \/ 5 W INPUTS IMPEDANCE 30 kOhm INPUTS 5x line (RCA) HARMONIC DISTORTION\u2026\" \/>\n<meta name=\"robots\" content=\"index, follow, max-snippet:-1, max-image-preview:large, max-video-preview:-1\" \/>\n<link rel=\"canonical\" href=\"https:\/\/www.exclusiveaudio.gr\/en\/shop\/eat-e-glo-ii-p533574072\/\" \/>\n<meta property=\"og:locale\" content=\"en_US\" \/>\n<meta property=\"og:type\" content=\"article\" \/>\n<meta property=\"og:title\" content=\"EAT E-Glo II\" \/>\n<meta property=\"og:description\" content=\"E.A.T. E-GLO I INTEGRATED TUBE AMPLIFIER TECHNICAL DATA MODEL E.A.T. E-Glo I OUTPUT POWER 2 \u00d7 35 W \/4,8Ohm \u2013 ultralinear \/ 2 \u00d7 18W \/4,8 Ohm \u2013 triode mode INPUTS SENSITIVITY 500 mV FREQUENCY RANGE 10 \u2013 50 000 Hz \u00b10,5dB \/ 5 W INPUTS IMPEDANCE 30 kOhm INPUTS 5x line (RCA) HARMONIC DISTORTION\u2026\" \/>\n<meta property=\"og:url\" content=\"https:\/\/www.exclusiveaudio.gr\/en\/shop\/eat-e-glo-ii-p533574072\/\" \/>\n<meta property=\"og:site_name\" content=\"Exclusive Audio\" \/>\n<meta property=\"article:modified_time\" content=\"2025-04-17T08:39:01+00:00\" \/>\n<meta property=\"og:image\" content=\"https:\/\/www.exclusiveaudio.gr\/wp-content\/uploads\/nc\/images\/74055845\/3479044388.jpg\" \/>\n\t<meta property=\"og:image:width\" content=\"1920\" \/>\n\t<meta property=\"og:image:height\" content=\"1920\" \/>\n\t<meta property=\"og:image:type\" content=\"image\/jpeg\" \/>\n<meta name=\"twitter:card\" content=\"summary_large_image\" \/>\n<meta name=\"twitter:label1\" content=\"Est. reading time\" \/>\n\t<meta name=\"twitter:data1\" content=\"1 minute\" \/>\n<script type=\"application\/ld+json\" class=\"yoast-schema-graph\">{\"@context\":\"https:\/\/schema.org\",\"@graph\":[{\"@type\":\"WebPage\",\"@id\":\"https:\/\/www.exclusiveaudio.gr\/shop\/eat-e-glo-ii-p533574072\/\",\"url\":\"https:\/\/www.exclusiveaudio.gr\/shop\/eat-e-glo-ii-p533574072\/\",\"name\":\"EAT E-Glo II\",\"isPartOf\":{\"@id\":\"https:\/\/www.exclusiveaudio.gr\/#website\"},\"primaryImageOfPage\":{\"@id\":\"https:\/\/www.exclusiveaudio.gr\/shop\/eat-e-glo-ii-p533574072\/#primaryimage\"},\"image\":{\"@id\":\"https:\/\/www.exclusiveaudio.gr\/shop\/eat-e-glo-ii-p533574072\/#primaryimage\"},\"thumbnailUrl\":\"https:\/\/www.exclusiveaudio.gr\/wp-content\/uploads\/nc\/images\/74055845\/3479044388.jpg\",\"datePublished\":\"2000-01-01T00:00:00+00:00\",\"dateModified\":\"2025-04-17T08:39:01+00:00\",\"description\":\"E.A.T. E-GLO I INTEGRATED TUBE AMPLIFIER TECHNICAL DATA MODEL E.A.T. E-Glo I OUTPUT POWER 2 \u00d7 35 W \/4,8Ohm \u2013 ultralinear \/ 2 \u00d7 18W \/4,8 Ohm \u2013 triode mode INPUTS SENSITIVITY 500 mV FREQUENCY RANGE 10 \u2013 50 000 Hz \u00b10,5dB \/ 5 W INPUTS IMPEDANCE 30 kOhm INPUTS 5x line (RCA) HARMONIC DISTORTION\u2026\",\"breadcrumb\":{\"@id\":\"https:\/\/www.exclusiveaudio.gr\/shop\/eat-e-glo-ii-p533574072\/#breadcrumb\"},\"inLanguage\":\"en-US\",\"potentialAction\":[{\"@type\":\"ReadAction\",\"target\":[\"https:\/\/www.exclusiveaudio.gr\/shop\/eat-e-glo-ii-p533574072\/\"]}]},{\"@type\":\"ImageObject\",\"inLanguage\":\"en-US\",\"@id\":\"https:\/\/www.exclusiveaudio.gr\/shop\/eat-e-glo-ii-p533574072\/#primaryimage\",\"url\":\"https:\/\/www.exclusiveaudio.gr\/wp-content\/uploads\/nc\/images\/74055845\/3479044388.jpg\",\"contentUrl\":\"https:\/\/www.exclusiveaudio.gr\/wp-content\/uploads\/nc\/images\/74055845\/3479044388.jpg\",\"width\":1920,\"height\":1920,\"caption\":\"EAT E-Glo II\"},{\"@type\":\"BreadcrumbList\",\"@id\":\"https:\/\/www.exclusiveaudio.gr\/shop\/eat-e-glo-ii-p533574072\/#breadcrumb\",\"itemListElement\":[{\"@type\":\"ListItem\",\"position\":1,\"name\":\"Home\",\"item\":\"https:\/\/www.exclusiveaudio.gr\/\"},{\"@type\":\"ListItem\",\"position\":2,\"name\":\"\u039a\u03b1\u03c4\u03ac\u03c3\u03c4\u03b7\u03bc\u03b1\",\"item\":\"https:\/\/www.exclusiveaudio.gr\/en\/shop\/\"},{\"@type\":\"ListItem\",\"position\":3,\"name\":\"EAT E-Glo II\"}]},{\"@type\":\"WebSite\",\"@id\":\"https:\/\/www.exclusiveaudio.gr\/#website\",\"url\":\"https:\/\/www.exclusiveaudio.gr\/\",\"name\":\"Exclusive Audio\",\"description\":\"45 years of premium audiovisual equipment &amp; services.\",\"potentialAction\":[{\"@type\":\"SearchAction\",\"target\":{\"@type\":\"EntryPoint\",\"urlTemplate\":\"https:\/\/www.exclusiveaudio.gr\/?s={search_term_string}\"},\"query-input\":{\"@type\":\"PropertyValueSpecification\",\"valueRequired\":true,\"valueName\":\"search_term_string\"}}],\"inLanguage\":\"en-US\"}]}<\/script>\n<!-- \/ Yoast SEO plugin. -->","yoast_head_json":{"title":"EAT E-Glo II","description":"E.A.T. E-GLO I INTEGRATED TUBE AMPLIFIER TECHNICAL DATA MODEL E.A.T. E-Glo I OUTPUT POWER 2 \u00d7 35 W \/4,8Ohm \u2013 ultralinear \/ 2 \u00d7 18W \/4,8 Ohm \u2013 triode mode INPUTS SENSITIVITY 500 mV FREQUENCY RANGE 10 \u2013 50 000 Hz \u00b10,5dB \/ 5 W INPUTS IMPEDANCE 30 kOhm INPUTS 5x line (RCA) HARMONIC DISTORTION\u2026","robots":{"index":"index","follow":"follow","max-snippet":"max-snippet:-1","max-image-preview":"max-image-preview:large","max-video-preview":"max-video-preview:-1"},"canonical":"https:\/\/www.exclusiveaudio.gr\/en\/shop\/eat-e-glo-ii-p533574072\/","og_locale":"en_US","og_type":"article","og_title":"EAT E-Glo II","og_description":"E.A.T. E-GLO I INTEGRATED TUBE AMPLIFIER TECHNICAL DATA MODEL E.A.T. E-Glo I OUTPUT POWER 2 \u00d7 35 W \/4,8Ohm \u2013 ultralinear \/ 2 \u00d7 18W \/4,8 Ohm \u2013 triode mode INPUTS SENSITIVITY 500 mV FREQUENCY RANGE 10 \u2013 50 000 Hz \u00b10,5dB \/ 5 W INPUTS IMPEDANCE 30 kOhm INPUTS 5x line (RCA) HARMONIC DISTORTION\u2026","og_url":"https:\/\/www.exclusiveaudio.gr\/en\/shop\/eat-e-glo-ii-p533574072\/","og_site_name":"Exclusive Audio","article_modified_time":"2025-04-17T08:39:01+00:00","og_image":[{"width":1920,"height":1920,"url":"https:\/\/www.exclusiveaudio.gr\/wp-content\/uploads\/nc\/images\/74055845\/3479044388.jpg","type":"image\/jpeg"}],"twitter_card":"summary_large_image","twitter_misc":{"Est. reading time":"1 minute"},"schema":{"@context":"https:\/\/schema.org","@graph":[{"@type":"WebPage","@id":"https:\/\/www.exclusiveaudio.gr\/shop\/eat-e-glo-ii-p533574072\/","url":"https:\/\/www.exclusiveaudio.gr\/shop\/eat-e-glo-ii-p533574072\/","name":"EAT E-Glo II","isPartOf":{"@id":"https:\/\/www.exclusiveaudio.gr\/#website"},"primaryImageOfPage":{"@id":"https:\/\/www.exclusiveaudio.gr\/shop\/eat-e-glo-ii-p533574072\/#primaryimage"},"image":{"@id":"https:\/\/www.exclusiveaudio.gr\/shop\/eat-e-glo-ii-p533574072\/#primaryimage"},"thumbnailUrl":"https:\/\/www.exclusiveaudio.gr\/wp-content\/uploads\/nc\/images\/74055845\/3479044388.jpg","datePublished":"2000-01-01T00:00:00+00:00","dateModified":"2025-04-17T08:39:01+00:00","description":"E.A.T. E-GLO I INTEGRATED TUBE AMPLIFIER TECHNICAL DATA MODEL E.A.T. E-Glo I OUTPUT POWER 2 \u00d7 35 W \/4,8Ohm \u2013 ultralinear \/ 2 \u00d7 18W \/4,8 Ohm \u2013 triode mode INPUTS SENSITIVITY 500 mV FREQUENCY RANGE 10 \u2013 50 000 Hz \u00b10,5dB \/ 5 W INPUTS IMPEDANCE 30 kOhm INPUTS 5x line (RCA) HARMONIC DISTORTION\u2026","breadcrumb":{"@id":"https:\/\/www.exclusiveaudio.gr\/shop\/eat-e-glo-ii-p533574072\/#breadcrumb"},"inLanguage":"en-US","potentialAction":[{"@type":"ReadAction","target":["https:\/\/www.exclusiveaudio.gr\/shop\/eat-e-glo-ii-p533574072\/"]}]},{"@type":"ImageObject","inLanguage":"en-US","@id":"https:\/\/www.exclusiveaudio.gr\/shop\/eat-e-glo-ii-p533574072\/#primaryimage","url":"https:\/\/www.exclusiveaudio.gr\/wp-content\/uploads\/nc\/images\/74055845\/3479044388.jpg","contentUrl":"https:\/\/www.exclusiveaudio.gr\/wp-content\/uploads\/nc\/images\/74055845\/3479044388.jpg","width":1920,"height":1920,"caption":"EAT E-Glo II"},{"@type":"BreadcrumbList","@id":"https:\/\/www.exclusiveaudio.gr\/shop\/eat-e-glo-ii-p533574072\/#breadcrumb","itemListElement":[{"@type":"ListItem","position":1,"name":"Home","item":"https:\/\/www.exclusiveaudio.gr\/"},{"@type":"ListItem","position":2,"name":"\u039a\u03b1\u03c4\u03ac\u03c3\u03c4\u03b7\u03bc\u03b1","item":"https:\/\/www.exclusiveaudio.gr\/en\/shop\/"},{"@type":"ListItem","position":3,"name":"EAT E-Glo II"}]},{"@type":"WebSite","@id":"https:\/\/www.exclusiveaudio.gr\/#website","url":"https:\/\/www.exclusiveaudio.gr\/","name":"Exclusive Audio","description":"45 years of premium audiovisual equipment &amp; services.","potentialAction":[{"@type":"SearchAction","target":{"@type":"EntryPoint","urlTemplate":"https:\/\/www.exclusiveaudio.gr\/?s={search_term_string}"},"query-input":{"@type":"PropertyValueSpecification","valueRequired":true,"valueName":"search_term_string"}}],"inLanguage":"en-US"}]}},"jetpack_sharing_enabled":true,"brands":[{"id":674,"name":"EAT","slug":"eat"}],"_links":{"self":[{"href":"https:\/\/www.exclusiveaudio.gr\/en\/wp-json\/wp\/v2\/product\/71802","targetHints":{"allow":["GET"]}}],"collection":[{"href":"https:\/\/www.exclusiveaudio.gr\/en\/wp-json\/wp\/v2\/product"}],"about":[{"href":"https:\/\/www.exclusiveaudio.gr\/en\/wp-json\/wp\/v2\/types\/product"}],"replies":[{"embeddable":true,"href":"https:\/\/www.exclusiveaudio.gr\/en\/wp-json\/wp\/v2\/comments?post=71802"}],"version-history":[{"count":2,"href":"https:\/\/www.exclusiveaudio.gr\/en\/wp-json\/wp\/v2\/product\/71802\/revisions"}],"predecessor-version":[{"id":82321,"href":"https:\/\/www.exclusiveaudio.gr\/en\/wp-json\/wp\/v2\/product\/71802\/revisions\/82321"}],"wp:featuredmedia":[{"embeddable":true,"href":"https:\/\/www.exclusiveaudio.gr\/en\/wp-json\/wp\/v2\/media\/71803"}],"wp:attachment":[{"href":"https:\/\/www.exclusiveaudio.gr\/en\/wp-json\/wp\/v2\/media?parent=71802"}],"wp:term":[{"taxonomy":"pwb-brand","embeddable":true,"href":"https:\/\/www.exclusiveaudio.gr\/en\/wp-json\/wp\/v2\/pwb-brand?post=71802"},{"taxonomy":"product_cat","embeddable":true,"href":"https:\/\/www.exclusiveaudio.gr\/en\/wp-json\/wp\/v2\/product_cat?post=71802"},{"taxonomy":"product_tag","embeddable":true,"href":"https:\/\/www.exclusiveaudio.gr\/en\/wp-json\/wp\/v2\/product_tag?post=71802"},{"taxonomy":"series","embeddable":true,"href":"https:\/\/www.exclusiveaudio.gr\/en\/wp-json\/wp\/v2\/series?post=71802"}],"curies":[{"name":"wp","href":"https:\/\/api.w.org\/{rel}","templated":true}]}}