{"id":71751,"date":"2000-01-01T00:00:00","date_gmt":"2000-01-01T00:00:00","guid":{"rendered":"https:\/\/www.exclusiveaudio.gr\/?product=eat-c-major"},"modified":"2025-04-04T17:26:24","modified_gmt":"2025-04-04T15:26:24","slug":"eat-c-major-p532849052","status":"publish","type":"product","link":"https:\/\/www.exclusiveaudio.gr\/en\/shop\/eat-c-major-p532849052\/","title":{"rendered":"EAT C-Major"},"content":{"rendered":"<h4>EAT C-MAJOR TURNTABLE TECHNICAL INFORMATION<\/h4>\n<table class=\"ecwid-description-table\">\n<tbody>\n<tr>\n<th>MODEL<\/th>\n<td>EAT C-Major turntable<\/td>\n<\/tr>\n<tr>\n<th>NOMINAL SPEED<\/th>\n<td>33\/45 rpm, manual speed change<\/td>\n<\/tr>\n<tr>\n<th>SPEED VARIANCE<\/th>\n<td>33rpm: \u00b1 &lt; 0.09%, 45rpm: \u00b1 &lt; 0.10%<\/td>\n<\/tr>\n<tr>\n<th>WOW AND FLUTTER<\/th>\n<td>33rpm: \u00b1 &lt; 0.05%, 45rpm: \u00b1 &lt; 0.05%<\/td>\n<\/tr>\n<tr>\n<th>SIGNAL TO NOISE<\/th>\n<td>S\/N Ratio (mechanical noise): \u2013 40 dB, Signal to noise (electrical noise): -68 dB<\/td>\n<\/tr>\n<tr>\n<th>DOWNFORCE RANGE<\/th>\n<td>0 \u2013 30 mN<\/td>\n<\/tr>\n<tr>\n<th>SUPPLIED COUNTERWEIGHT SYSTEM<\/th>\n<td>Counterweight 110 g without additional insert =&gt;for cartridges 5 \u2013 9 g Counterweight with additional insert 148 g =&gt;for cartridges 9 \u2013 17 g<\/td>\n<\/tr>\n<tr>\n<th>EFFECTIVE TONEARM MASS<\/th>\n<td>14.5g<\/td>\n<\/tr>\n<tr>\n<th>EFFECTIVE TONEARM LENGTH<\/th>\n<td>230mm<\/td>\n<\/tr>\n<tr>\n<th>OVERHANG<\/th>\n<td>18 mm<\/td>\n<\/tr>\n<tr>\n<th>POWER CONSUMPTION<\/th>\n<td>5W max \/ 0.5W standby<\/td>\n<\/tr>\n<tr>\n<th>VOLTAGE<\/th>\n<td>Universal switch mode power supply 15 V DC\/1.6 A, 90-264 V AC, 47 \u2013<\/td>\n<\/tr>\n<tr>\n<th>DIMENSIONS (W \u00d7 H \u00d7 D)<\/th>\n<td>460 \u00d7 352 \u00d7 125mm without dustcover, 460 \u00d7 352 \u00d7 142mm (closed dustcover), 460 \u00d7 380 \u00d7 435mm (opened dustcover)<\/td>\n<\/tr>\n<tr>\n<th>WEIGHT (WITHOUT BOX)<\/th>\n<td>9 kg (turntable)<\/td>\n<\/tr>\n<\/tbody>\n<\/table>\n<div><\/div>","protected":false},"excerpt":{"rendered":"<p>EAT C-MAJOR TURNTABLE TECHNICAL INFORMATION MODEL EAT C-Major turntable NOMINAL SPEED 33\/45 rpm, manual speed change SPEED VARIANCE 33rpm: \u00b1<\/p>","protected":false},"featured_media":71752,"comment_status":"open","ping_status":"closed","template":"","meta":[],"pwb-brand":[674],"product_cat":[28699],"product_tag":[30418],"series":[],"class_list":{"0":"post-71751","1":"product","2":"type-product","3":"status-publish","4":"has-post-thumbnail","6":"pwb-brand-eat","7":"product_cat-turntables-c143427781","8":"product_tag-blackduckvinyl15","9":"pa_cartridge-configuration-without-cartridge","10":"pa_cartridge-configuration-jo-no-5","11":"pa_cartridge-configuration-ortofon-quintet-blue","12":"pa_color-black-carbon","13":"pa_color-white","15":"first","16":"onbackorder","17":"taxable","18":"shipping-taxable","19":"purchasable","20":"product-type-variable","21":"has-default-attributes"},"yoast_head":"<!-- This site is optimized with the Yoast SEO plugin v26.7 - https:\/\/yoast.com\/wordpress\/plugins\/seo\/ -->\n<title>EAT C-Major<\/title>\n<meta name=\"description\" content=\"EAT C-MAJOR TURNTABLE TECHNICAL INFORMATION MODEL EAT C-Major turntable NOMINAL SPEED 33\/45 rpm, manual speed change SPEED VARIANCE 33rpm: \u00b1 WOW AND FLUTTER 33rpm: \u00b1 SIGNAL TO NOISE S\/N Ratio ( mechanical noise): \u2013 40 dB, Signal to noise (electrical noise): -68 dB DOWNFORCE RANGE 0 \u2013 30 mN SUPPLIED\u2026\" \/>\n<meta name=\"robots\" content=\"index, follow, max-snippet:-1, max-image-preview:large, max-video-preview:-1\" \/>\n<link rel=\"canonical\" href=\"https:\/\/www.exclusiveaudio.gr\/en\/shop\/eat-c-major-p532849052\/\" \/>\n<meta property=\"og:locale\" content=\"en_US\" \/>\n<meta property=\"og:type\" content=\"article\" \/>\n<meta property=\"og:title\" content=\"EAT C-Major\" \/>\n<meta property=\"og:description\" content=\"EAT C-MAJOR TURNTABLE TECHNICAL INFORMATION MODEL EAT C-Major turntable NOMINAL SPEED 33\/45 rpm, manual speed change SPEED VARIANCE 33rpm: \u00b1 WOW AND FLUTTER 33rpm: \u00b1 SIGNAL TO NOISE S\/N Ratio ( mechanical noise): \u2013 40 dB, Signal to noise (electrical noise): -68 dB DOWNFORCE RANGE 0 \u2013 30 mN SUPPLIED\u2026\" \/>\n<meta property=\"og:url\" content=\"https:\/\/www.exclusiveaudio.gr\/en\/shop\/eat-c-major-p532849052\/\" \/>\n<meta property=\"og:site_name\" content=\"Exclusive Audio\" \/>\n<meta property=\"article:modified_time\" content=\"2025-04-04T15:26:24+00:00\" \/>\n<meta property=\"og:image\" content=\"https:\/\/www.exclusiveaudio.gr\/wp-content\/uploads\/nc\/images\/74055845\/3474331727.jpg\" \/>\n\t<meta property=\"og:image:width\" content=\"1920\" \/>\n\t<meta property=\"og:image:height\" content=\"1920\" \/>\n\t<meta property=\"og:image:type\" content=\"image\/jpeg\" \/>\n<meta name=\"twitter:card\" content=\"summary_large_image\" \/>\n<meta name=\"twitter:label1\" content=\"Est. reading time\" \/>\n\t<meta name=\"twitter:data1\" content=\"1 minute\" \/>\n<script type=\"application\/ld+json\" class=\"yoast-schema-graph\">{\"@context\":\"https:\/\/schema.org\",\"@graph\":[{\"@type\":\"WebPage\",\"@id\":\"https:\/\/www.exclusiveaudio.gr\/shop\/eat-c-major-p532849052\/\",\"url\":\"https:\/\/www.exclusiveaudio.gr\/shop\/eat-c-major-p532849052\/\",\"name\":\"EAT C-Major\",\"isPartOf\":{\"@id\":\"https:\/\/www.exclusiveaudio.gr\/#website\"},\"primaryImageOfPage\":{\"@id\":\"https:\/\/www.exclusiveaudio.gr\/shop\/eat-c-major-p532849052\/#primaryimage\"},\"image\":{\"@id\":\"https:\/\/www.exclusiveaudio.gr\/shop\/eat-c-major-p532849052\/#primaryimage\"},\"thumbnailUrl\":\"https:\/\/www.exclusiveaudio.gr\/wp-content\/uploads\/nc\/images\/74055845\/3474331727.jpg\",\"datePublished\":\"2000-01-01T00:00:00+00:00\",\"dateModified\":\"2025-04-04T15:26:24+00:00\",\"description\":\"EAT C-MAJOR TURNTABLE TECHNICAL INFORMATION MODEL EAT C-Major turntable NOMINAL SPEED 33\/45 rpm, manual speed change SPEED VARIANCE 33rpm: \u00b1 WOW AND FLUTTER 33rpm: \u00b1 SIGNAL TO NOISE S\/N Ratio ( mechanical noise): \u2013 40 dB, Signal to noise (electrical noise): -68 dB DOWNFORCE RANGE 0 \u2013 30 mN SUPPLIED\u2026\",\"breadcrumb\":{\"@id\":\"https:\/\/www.exclusiveaudio.gr\/shop\/eat-c-major-p532849052\/#breadcrumb\"},\"inLanguage\":\"en-US\",\"potentialAction\":[{\"@type\":\"ReadAction\",\"target\":[\"https:\/\/www.exclusiveaudio.gr\/shop\/eat-c-major-p532849052\/\"]}]},{\"@type\":\"ImageObject\",\"inLanguage\":\"en-US\",\"@id\":\"https:\/\/www.exclusiveaudio.gr\/shop\/eat-c-major-p532849052\/#primaryimage\",\"url\":\"https:\/\/www.exclusiveaudio.gr\/wp-content\/uploads\/nc\/images\/74055845\/3474331727.jpg\",\"contentUrl\":\"https:\/\/www.exclusiveaudio.gr\/wp-content\/uploads\/nc\/images\/74055845\/3474331727.jpg\",\"width\":1920,\"height\":1920,\"caption\":\"EAT C-Major\"},{\"@type\":\"BreadcrumbList\",\"@id\":\"https:\/\/www.exclusiveaudio.gr\/shop\/eat-c-major-p532849052\/#breadcrumb\",\"itemListElement\":[{\"@type\":\"ListItem\",\"position\":1,\"name\":\"Home\",\"item\":\"https:\/\/www.exclusiveaudio.gr\/\"},{\"@type\":\"ListItem\",\"position\":2,\"name\":\"\u039a\u03b1\u03c4\u03ac\u03c3\u03c4\u03b7\u03bc\u03b1\",\"item\":\"https:\/\/www.exclusiveaudio.gr\/en\/shop\/\"},{\"@type\":\"ListItem\",\"position\":3,\"name\":\"EAT C-Major\"}]},{\"@type\":\"WebSite\",\"@id\":\"https:\/\/www.exclusiveaudio.gr\/#website\",\"url\":\"https:\/\/www.exclusiveaudio.gr\/\",\"name\":\"Exclusive Audio\",\"description\":\"45 years of premium audiovisual equipment &amp; services.\",\"potentialAction\":[{\"@type\":\"SearchAction\",\"target\":{\"@type\":\"EntryPoint\",\"urlTemplate\":\"https:\/\/www.exclusiveaudio.gr\/?s={search_term_string}\"},\"query-input\":{\"@type\":\"PropertyValueSpecification\",\"valueRequired\":true,\"valueName\":\"search_term_string\"}}],\"inLanguage\":\"en-US\"}]}<\/script>\n<!-- \/ Yoast SEO plugin. -->","yoast_head_json":{"title":"EAT C-Major","description":"EAT C-MAJOR TURNTABLE TECHNICAL INFORMATION MODEL EAT C-Major turntable NOMINAL SPEED 33\/45 rpm, manual speed change SPEED VARIANCE 33rpm: \u00b1 WOW AND FLUTTER 33rpm: \u00b1 SIGNAL TO NOISE S\/N Ratio ( mechanical noise): \u2013 40 dB, Signal to noise (electrical noise): -68 dB DOWNFORCE RANGE 0 \u2013 30 mN SUPPLIED\u2026","robots":{"index":"index","follow":"follow","max-snippet":"max-snippet:-1","max-image-preview":"max-image-preview:large","max-video-preview":"max-video-preview:-1"},"canonical":"https:\/\/www.exclusiveaudio.gr\/en\/shop\/eat-c-major-p532849052\/","og_locale":"en_US","og_type":"article","og_title":"EAT C-Major","og_description":"EAT C-MAJOR TURNTABLE TECHNICAL INFORMATION MODEL EAT C-Major turntable NOMINAL SPEED 33\/45 rpm, manual speed change SPEED VARIANCE 33rpm: \u00b1 WOW AND FLUTTER 33rpm: \u00b1 SIGNAL TO NOISE S\/N Ratio ( mechanical noise): \u2013 40 dB, Signal to noise (electrical noise): -68 dB DOWNFORCE RANGE 0 \u2013 30 mN SUPPLIED\u2026","og_url":"https:\/\/www.exclusiveaudio.gr\/en\/shop\/eat-c-major-p532849052\/","og_site_name":"Exclusive Audio","article_modified_time":"2025-04-04T15:26:24+00:00","og_image":[{"width":1920,"height":1920,"url":"https:\/\/www.exclusiveaudio.gr\/wp-content\/uploads\/nc\/images\/74055845\/3474331727.jpg","type":"image\/jpeg"}],"twitter_card":"summary_large_image","twitter_misc":{"Est. reading time":"1 minute"},"schema":{"@context":"https:\/\/schema.org","@graph":[{"@type":"WebPage","@id":"https:\/\/www.exclusiveaudio.gr\/shop\/eat-c-major-p532849052\/","url":"https:\/\/www.exclusiveaudio.gr\/shop\/eat-c-major-p532849052\/","name":"EAT C-Major","isPartOf":{"@id":"https:\/\/www.exclusiveaudio.gr\/#website"},"primaryImageOfPage":{"@id":"https:\/\/www.exclusiveaudio.gr\/shop\/eat-c-major-p532849052\/#primaryimage"},"image":{"@id":"https:\/\/www.exclusiveaudio.gr\/shop\/eat-c-major-p532849052\/#primaryimage"},"thumbnailUrl":"https:\/\/www.exclusiveaudio.gr\/wp-content\/uploads\/nc\/images\/74055845\/3474331727.jpg","datePublished":"2000-01-01T00:00:00+00:00","dateModified":"2025-04-04T15:26:24+00:00","description":"EAT C-MAJOR TURNTABLE TECHNICAL INFORMATION MODEL EAT C-Major turntable NOMINAL SPEED 33\/45 rpm, manual speed change SPEED VARIANCE 33rpm: \u00b1 WOW AND FLUTTER 33rpm: \u00b1 SIGNAL TO NOISE S\/N Ratio ( mechanical noise): \u2013 40 dB, Signal to noise (electrical noise): -68 dB DOWNFORCE RANGE 0 \u2013 30 mN SUPPLIED\u2026","breadcrumb":{"@id":"https:\/\/www.exclusiveaudio.gr\/shop\/eat-c-major-p532849052\/#breadcrumb"},"inLanguage":"en-US","potentialAction":[{"@type":"ReadAction","target":["https:\/\/www.exclusiveaudio.gr\/shop\/eat-c-major-p532849052\/"]}]},{"@type":"ImageObject","inLanguage":"en-US","@id":"https:\/\/www.exclusiveaudio.gr\/shop\/eat-c-major-p532849052\/#primaryimage","url":"https:\/\/www.exclusiveaudio.gr\/wp-content\/uploads\/nc\/images\/74055845\/3474331727.jpg","contentUrl":"https:\/\/www.exclusiveaudio.gr\/wp-content\/uploads\/nc\/images\/74055845\/3474331727.jpg","width":1920,"height":1920,"caption":"EAT C-Major"},{"@type":"BreadcrumbList","@id":"https:\/\/www.exclusiveaudio.gr\/shop\/eat-c-major-p532849052\/#breadcrumb","itemListElement":[{"@type":"ListItem","position":1,"name":"Home","item":"https:\/\/www.exclusiveaudio.gr\/"},{"@type":"ListItem","position":2,"name":"\u039a\u03b1\u03c4\u03ac\u03c3\u03c4\u03b7\u03bc\u03b1","item":"https:\/\/www.exclusiveaudio.gr\/en\/shop\/"},{"@type":"ListItem","position":3,"name":"EAT C-Major"}]},{"@type":"WebSite","@id":"https:\/\/www.exclusiveaudio.gr\/#website","url":"https:\/\/www.exclusiveaudio.gr\/","name":"Exclusive Audio","description":"45 years of premium audiovisual equipment &amp; services.","potentialAction":[{"@type":"SearchAction","target":{"@type":"EntryPoint","urlTemplate":"https:\/\/www.exclusiveaudio.gr\/?s={search_term_string}"},"query-input":{"@type":"PropertyValueSpecification","valueRequired":true,"valueName":"search_term_string"}}],"inLanguage":"en-US"}]}},"jetpack_sharing_enabled":true,"brands":[{"id":674,"name":"EAT","slug":"eat"}],"_links":{"self":[{"href":"https:\/\/www.exclusiveaudio.gr\/en\/wp-json\/wp\/v2\/product\/71751","targetHints":{"allow":["GET"]}}],"collection":[{"href":"https:\/\/www.exclusiveaudio.gr\/en\/wp-json\/wp\/v2\/product"}],"about":[{"href":"https:\/\/www.exclusiveaudio.gr\/en\/wp-json\/wp\/v2\/types\/product"}],"replies":[{"embeddable":true,"href":"https:\/\/www.exclusiveaudio.gr\/en\/wp-json\/wp\/v2\/comments?post=71751"}],"version-history":[{"count":2,"href":"https:\/\/www.exclusiveaudio.gr\/en\/wp-json\/wp\/v2\/product\/71751\/revisions"}],"predecessor-version":[{"id":81914,"href":"https:\/\/www.exclusiveaudio.gr\/en\/wp-json\/wp\/v2\/product\/71751\/revisions\/81914"}],"wp:featuredmedia":[{"embeddable":true,"href":"https:\/\/www.exclusiveaudio.gr\/en\/wp-json\/wp\/v2\/media\/71752"}],"wp:attachment":[{"href":"https:\/\/www.exclusiveaudio.gr\/en\/wp-json\/wp\/v2\/media?parent=71751"}],"wp:term":[{"taxonomy":"pwb-brand","embeddable":true,"href":"https:\/\/www.exclusiveaudio.gr\/en\/wp-json\/wp\/v2\/pwb-brand?post=71751"},{"taxonomy":"product_cat","embeddable":true,"href":"https:\/\/www.exclusiveaudio.gr\/en\/wp-json\/wp\/v2\/product_cat?post=71751"},{"taxonomy":"product_tag","embeddable":true,"href":"https:\/\/www.exclusiveaudio.gr\/en\/wp-json\/wp\/v2\/product_tag?post=71751"},{"taxonomy":"series","embeddable":true,"href":"https:\/\/www.exclusiveaudio.gr\/en\/wp-json\/wp\/v2\/series?post=71751"}],"curies":[{"name":"wp","href":"https:\/\/api.w.org\/{rel}","templated":true}]}}