{"id":70934,"date":"2000-01-01T00:00:00","date_gmt":"2000-01-01T00:00:00","guid":{"rendered":"https:\/\/www.exclusiveaudio.gr\/?product=davis-acoustics-stellar"},"modified":"2025-04-30T15:38:38","modified_gmt":"2025-04-30T13:38:38","slug":"davis-acoustics-stellar-p526898710","status":"publish","type":"product","link":"https:\/\/www.exclusiveaudio.gr\/en\/shop\/davis-acoustics-stellar-p526898710\/","title":{"rendered":"Davis Acoustics Stellar"},"content":{"rendered":"<div>\n<div>\n<div>\n<h2>Specifications<\/h2>\n<div>\n<div><\/div>\n<\/div>\n<\/div>\n<\/div>\n<\/div>\n<div>\n<div>\n<div>\n<p>Bass reflex : rear decompression event<br \/>\nRated power: 200 W<br \/>\nMaximum power: 300W<br \/>\nNumber of lanes: 3<br \/>\nNumber of speakers: 3<br \/>\nEfficiency: 90.5 dB<br \/>\nBande passante (+\/- 3 dB) : 30 -30000 Hz<\/p>\n<\/div>\n<\/div>\n<\/div>\n<div>\n<div>\n<div>\n<p>Tweeter : A c\u00f4ne de 20 mm kevlar<br \/>\nMedium: Kevlar 17 cm<br \/>\nWoofer: 25 cm carbon<br \/>\nDimensions (cm) : 130 et 135 avec son socle (h) x 33 (l max) x 60 (total depth)<br \/>\nPoids (kg) : 100\/enceinte (une caisse par enceinte)<br \/>\nImpedance: 8 ohms (5 mini)<br \/>\nFilterage (cutoff): 300Hz and 3000Hz<\/p>\n<\/div>\n<\/div>\n<\/div>","protected":false},"excerpt":{"rendered":"<p>Sp\u00e9cifications Bass reflex : \u00e9vent de d\u00e9compression arri\u00e8re Puissance nominale : 200 W Puissance maximale : 300W Nombre de voies<\/p>","protected":false},"featured_media":70935,"comment_status":"open","ping_status":"closed","template":"","meta":[],"pwb-brand":[671],"product_cat":[28766],"product_tag":[30418],"series":[],"class_list":{"0":"post-70934","1":"product","2":"type-product","3":"status-publish","4":"has-post-thumbnail","6":"pwb-brand-davis-acoustics","7":"product_cat-floor-standing-c144522273","8":"product_tag-blackduckvinyl15","9":"pa_color-black-piano","10":"pa_color-determine-the-aesthetic","12":"first","13":"onbackorder","14":"taxable","15":"shipping-taxable","16":"purchasable","17":"product-type-variable","18":"has-default-attributes"},"yoast_head":"<!-- This site is optimized with the Yoast SEO plugin v26.7 - https:\/\/yoast.com\/wordpress\/plugins\/seo\/ -->\n<title>Davis Acoustics Stellar<\/title>\n<meta name=\"description\" content=\"Sp\u00e9cifications Bass reflex : \u00e9vent de d\u00e9compression arri\u00e8re Puissance nominale : 200 W Puissance maximale : 300W Nombre de voies : 3 Nombre de haut-parleurs : 3 Rendement : 90.5 dB Bande passante (+\/- 3 dB) : 30 -30000 Hz Tweeter : A c\u00f4ne de 20 mm kevlar M\u00e9dium : Kevlar 17 cm Woofer : 25 cm carbone\u2026\" \/>\n<meta name=\"robots\" content=\"index, follow, max-snippet:-1, max-image-preview:large, max-video-preview:-1\" \/>\n<link rel=\"canonical\" href=\"https:\/\/www.exclusiveaudio.gr\/en\/shop\/davis-acoustics-stellar-p526898710\/\" \/>\n<meta property=\"og:locale\" content=\"en_US\" \/>\n<meta property=\"og:type\" content=\"article\" \/>\n<meta property=\"og:title\" content=\"Davis Acoustics Stellar\" \/>\n<meta property=\"og:description\" content=\"Sp\u00e9cifications Bass reflex : \u00e9vent de d\u00e9compression arri\u00e8re Puissance nominale : 200 W Puissance maximale : 300W Nombre de voies : 3 Nombre de haut-parleurs : 3 Rendement : 90.5 dB Bande passante (+\/- 3 dB) : 30 -30000 Hz Tweeter : A c\u00f4ne de 20 mm kevlar M\u00e9dium : Kevlar 17 cm Woofer : 25 cm carbone\u2026\" \/>\n<meta property=\"og:url\" content=\"https:\/\/www.exclusiveaudio.gr\/en\/shop\/davis-acoustics-stellar-p526898710\/\" \/>\n<meta property=\"og:site_name\" content=\"Exclusive Audio\" \/>\n<meta property=\"article:modified_time\" content=\"2025-04-30T13:38:38+00:00\" \/>\n<meta property=\"og:image\" content=\"https:\/\/www.exclusiveaudio.gr\/wp-content\/uploads\/nc\/images\/74055845\/3437913182.jpg\" \/>\n\t<meta property=\"og:image:width\" content=\"1920\" \/>\n\t<meta property=\"og:image:height\" content=\"1920\" \/>\n\t<meta property=\"og:image:type\" content=\"image\/jpeg\" \/>\n<meta name=\"twitter:card\" content=\"summary_large_image\" \/>\n<meta name=\"twitter:label1\" content=\"Est. reading time\" \/>\n\t<meta name=\"twitter:data1\" content=\"1 minute\" \/>\n<script type=\"application\/ld+json\" class=\"yoast-schema-graph\">{\"@context\":\"https:\/\/schema.org\",\"@graph\":[{\"@type\":\"WebPage\",\"@id\":\"https:\/\/www.exclusiveaudio.gr\/shop\/davis-acoustics-stellar-p526898710\/\",\"url\":\"https:\/\/www.exclusiveaudio.gr\/shop\/davis-acoustics-stellar-p526898710\/\",\"name\":\"Davis Acoustics Stellar\",\"isPartOf\":{\"@id\":\"https:\/\/www.exclusiveaudio.gr\/#website\"},\"primaryImageOfPage\":{\"@id\":\"https:\/\/www.exclusiveaudio.gr\/shop\/davis-acoustics-stellar-p526898710\/#primaryimage\"},\"image\":{\"@id\":\"https:\/\/www.exclusiveaudio.gr\/shop\/davis-acoustics-stellar-p526898710\/#primaryimage\"},\"thumbnailUrl\":\"https:\/\/www.exclusiveaudio.gr\/wp-content\/uploads\/nc\/images\/74055845\/3437913182.jpg\",\"datePublished\":\"2000-01-01T00:00:00+00:00\",\"dateModified\":\"2025-04-30T13:38:38+00:00\",\"description\":\"Sp\u00e9cifications Bass reflex : \u00e9vent de d\u00e9compression arri\u00e8re Puissance nominale : 200 W Puissance maximale : 300W Nombre de voies : 3 Nombre de haut-parleurs : 3 Rendement : 90.5 dB Bande passante (+\/- 3 dB) : 30 -30000 Hz Tweeter : A c\u00f4ne de 20 mm kevlar M\u00e9dium : Kevlar 17 cm Woofer : 25 cm carbone\u2026\",\"breadcrumb\":{\"@id\":\"https:\/\/www.exclusiveaudio.gr\/shop\/davis-acoustics-stellar-p526898710\/#breadcrumb\"},\"inLanguage\":\"en-US\",\"potentialAction\":[{\"@type\":\"ReadAction\",\"target\":[\"https:\/\/www.exclusiveaudio.gr\/shop\/davis-acoustics-stellar-p526898710\/\"]}]},{\"@type\":\"ImageObject\",\"inLanguage\":\"en-US\",\"@id\":\"https:\/\/www.exclusiveaudio.gr\/shop\/davis-acoustics-stellar-p526898710\/#primaryimage\",\"url\":\"https:\/\/www.exclusiveaudio.gr\/wp-content\/uploads\/nc\/images\/74055845\/3437913182.jpg\",\"contentUrl\":\"https:\/\/www.exclusiveaudio.gr\/wp-content\/uploads\/nc\/images\/74055845\/3437913182.jpg\",\"width\":1920,\"height\":1920,\"caption\":\"Davis Acoustics Stellar\"},{\"@type\":\"BreadcrumbList\",\"@id\":\"https:\/\/www.exclusiveaudio.gr\/shop\/davis-acoustics-stellar-p526898710\/#breadcrumb\",\"itemListElement\":[{\"@type\":\"ListItem\",\"position\":1,\"name\":\"Home\",\"item\":\"https:\/\/www.exclusiveaudio.gr\/\"},{\"@type\":\"ListItem\",\"position\":2,\"name\":\"\u039a\u03b1\u03c4\u03ac\u03c3\u03c4\u03b7\u03bc\u03b1\",\"item\":\"https:\/\/www.exclusiveaudio.gr\/en\/shop\/\"},{\"@type\":\"ListItem\",\"position\":3,\"name\":\"Davis Acoustics Stellar\"}]},{\"@type\":\"WebSite\",\"@id\":\"https:\/\/www.exclusiveaudio.gr\/#website\",\"url\":\"https:\/\/www.exclusiveaudio.gr\/\",\"name\":\"Exclusive Audio\",\"description\":\"45 years of premium audiovisual equipment &amp; services.\",\"potentialAction\":[{\"@type\":\"SearchAction\",\"target\":{\"@type\":\"EntryPoint\",\"urlTemplate\":\"https:\/\/www.exclusiveaudio.gr\/?s={search_term_string}\"},\"query-input\":{\"@type\":\"PropertyValueSpecification\",\"valueRequired\":true,\"valueName\":\"search_term_string\"}}],\"inLanguage\":\"en-US\"}]}<\/script>\n<!-- \/ Yoast SEO plugin. -->","yoast_head_json":{"title":"Davis Acoustics Stellar","description":"Sp\u00e9cifications Bass reflex : \u00e9vent de d\u00e9compression arri\u00e8re Puissance nominale : 200 W Puissance maximale : 300W Nombre de voies : 3 Nombre de haut-parleurs : 3 Rendement : 90.5 dB Bande passante (+\/- 3 dB) : 30 -30000 Hz Tweeter : A c\u00f4ne de 20 mm kevlar M\u00e9dium : Kevlar 17 cm Woofer : 25 cm carbone\u2026","robots":{"index":"index","follow":"follow","max-snippet":"max-snippet:-1","max-image-preview":"max-image-preview:large","max-video-preview":"max-video-preview:-1"},"canonical":"https:\/\/www.exclusiveaudio.gr\/en\/shop\/davis-acoustics-stellar-p526898710\/","og_locale":"en_US","og_type":"article","og_title":"Davis Acoustics Stellar","og_description":"Sp\u00e9cifications Bass reflex : \u00e9vent de d\u00e9compression arri\u00e8re Puissance nominale : 200 W Puissance maximale : 300W Nombre de voies : 3 Nombre de haut-parleurs : 3 Rendement : 90.5 dB Bande passante (+\/- 3 dB) : 30 -30000 Hz Tweeter : A c\u00f4ne de 20 mm kevlar M\u00e9dium : Kevlar 17 cm Woofer : 25 cm carbone\u2026","og_url":"https:\/\/www.exclusiveaudio.gr\/en\/shop\/davis-acoustics-stellar-p526898710\/","og_site_name":"Exclusive Audio","article_modified_time":"2025-04-30T13:38:38+00:00","og_image":[{"width":1920,"height":1920,"url":"https:\/\/www.exclusiveaudio.gr\/wp-content\/uploads\/nc\/images\/74055845\/3437913182.jpg","type":"image\/jpeg"}],"twitter_card":"summary_large_image","twitter_misc":{"Est. reading time":"1 minute"},"schema":{"@context":"https:\/\/schema.org","@graph":[{"@type":"WebPage","@id":"https:\/\/www.exclusiveaudio.gr\/shop\/davis-acoustics-stellar-p526898710\/","url":"https:\/\/www.exclusiveaudio.gr\/shop\/davis-acoustics-stellar-p526898710\/","name":"Davis Acoustics Stellar","isPartOf":{"@id":"https:\/\/www.exclusiveaudio.gr\/#website"},"primaryImageOfPage":{"@id":"https:\/\/www.exclusiveaudio.gr\/shop\/davis-acoustics-stellar-p526898710\/#primaryimage"},"image":{"@id":"https:\/\/www.exclusiveaudio.gr\/shop\/davis-acoustics-stellar-p526898710\/#primaryimage"},"thumbnailUrl":"https:\/\/www.exclusiveaudio.gr\/wp-content\/uploads\/nc\/images\/74055845\/3437913182.jpg","datePublished":"2000-01-01T00:00:00+00:00","dateModified":"2025-04-30T13:38:38+00:00","description":"Sp\u00e9cifications Bass reflex : \u00e9vent de d\u00e9compression arri\u00e8re Puissance nominale : 200 W Puissance maximale : 300W Nombre de voies : 3 Nombre de haut-parleurs : 3 Rendement : 90.5 dB Bande passante (+\/- 3 dB) : 30 -30000 Hz Tweeter : A c\u00f4ne de 20 mm kevlar M\u00e9dium : Kevlar 17 cm Woofer : 25 cm carbone\u2026","breadcrumb":{"@id":"https:\/\/www.exclusiveaudio.gr\/shop\/davis-acoustics-stellar-p526898710\/#breadcrumb"},"inLanguage":"en-US","potentialAction":[{"@type":"ReadAction","target":["https:\/\/www.exclusiveaudio.gr\/shop\/davis-acoustics-stellar-p526898710\/"]}]},{"@type":"ImageObject","inLanguage":"en-US","@id":"https:\/\/www.exclusiveaudio.gr\/shop\/davis-acoustics-stellar-p526898710\/#primaryimage","url":"https:\/\/www.exclusiveaudio.gr\/wp-content\/uploads\/nc\/images\/74055845\/3437913182.jpg","contentUrl":"https:\/\/www.exclusiveaudio.gr\/wp-content\/uploads\/nc\/images\/74055845\/3437913182.jpg","width":1920,"height":1920,"caption":"Davis Acoustics Stellar"},{"@type":"BreadcrumbList","@id":"https:\/\/www.exclusiveaudio.gr\/shop\/davis-acoustics-stellar-p526898710\/#breadcrumb","itemListElement":[{"@type":"ListItem","position":1,"name":"Home","item":"https:\/\/www.exclusiveaudio.gr\/"},{"@type":"ListItem","position":2,"name":"\u039a\u03b1\u03c4\u03ac\u03c3\u03c4\u03b7\u03bc\u03b1","item":"https:\/\/www.exclusiveaudio.gr\/en\/shop\/"},{"@type":"ListItem","position":3,"name":"Davis Acoustics Stellar"}]},{"@type":"WebSite","@id":"https:\/\/www.exclusiveaudio.gr\/#website","url":"https:\/\/www.exclusiveaudio.gr\/","name":"Exclusive Audio","description":"45 years of premium audiovisual equipment &amp; services.","potentialAction":[{"@type":"SearchAction","target":{"@type":"EntryPoint","urlTemplate":"https:\/\/www.exclusiveaudio.gr\/?s={search_term_string}"},"query-input":{"@type":"PropertyValueSpecification","valueRequired":true,"valueName":"search_term_string"}}],"inLanguage":"en-US"}]}},"jetpack_sharing_enabled":true,"brands":[{"id":671,"name":"Davis Acoustics","slug":"davis-acoustics"}],"_links":{"self":[{"href":"https:\/\/www.exclusiveaudio.gr\/en\/wp-json\/wp\/v2\/product\/70934","targetHints":{"allow":["GET"]}}],"collection":[{"href":"https:\/\/www.exclusiveaudio.gr\/en\/wp-json\/wp\/v2\/product"}],"about":[{"href":"https:\/\/www.exclusiveaudio.gr\/en\/wp-json\/wp\/v2\/types\/product"}],"replies":[{"embeddable":true,"href":"https:\/\/www.exclusiveaudio.gr\/en\/wp-json\/wp\/v2\/comments?post=70934"}],"version-history":[{"count":2,"href":"https:\/\/www.exclusiveaudio.gr\/en\/wp-json\/wp\/v2\/product\/70934\/revisions"}],"predecessor-version":[{"id":81003,"href":"https:\/\/www.exclusiveaudio.gr\/en\/wp-json\/wp\/v2\/product\/70934\/revisions\/81003"}],"wp:featuredmedia":[{"embeddable":true,"href":"https:\/\/www.exclusiveaudio.gr\/en\/wp-json\/wp\/v2\/media\/70935"}],"wp:attachment":[{"href":"https:\/\/www.exclusiveaudio.gr\/en\/wp-json\/wp\/v2\/media?parent=70934"}],"wp:term":[{"taxonomy":"pwb-brand","embeddable":true,"href":"https:\/\/www.exclusiveaudio.gr\/en\/wp-json\/wp\/v2\/pwb-brand?post=70934"},{"taxonomy":"product_cat","embeddable":true,"href":"https:\/\/www.exclusiveaudio.gr\/en\/wp-json\/wp\/v2\/product_cat?post=70934"},{"taxonomy":"product_tag","embeddable":true,"href":"https:\/\/www.exclusiveaudio.gr\/en\/wp-json\/wp\/v2\/product_tag?post=70934"},{"taxonomy":"series","embeddable":true,"href":"https:\/\/www.exclusiveaudio.gr\/en\/wp-json\/wp\/v2\/series?post=70934"}],"curies":[{"name":"wp","href":"https:\/\/api.w.org\/{rel}","templated":true}]}}